{"id":110,"date":"2023-02-28T14:26:57","date_gmt":"2023-02-28T14:26:57","guid":{"rendered":"https:\/\/uudet.siilinkuva.fi\/?page_id=110"},"modified":"2023-03-22T07:19:09","modified_gmt":"2023-03-22T05:19:09","slug":"yhteys","status":"publish","type":"page","link":"https:\/\/www.siilinkuva.fi\/index.php\/yhteys\/","title":{"rendered":"Yhteystiedot"},"content":{"rendered":"\n<h1 class=\"has-text-align-center wp-block-heading\">YHTEYSTIEDOT<\/h1>\n\n\n\n<div style=\"height:70px\" aria-hidden=\"true\" class=\"wp-block-spacer\"><\/div>\n\n\n\n<div class=\"wp-block-columns is-layout-flex wp-container-core-columns-is-layout-9d6595d7 wp-block-columns-is-layout-flex\">\n<div class=\"wp-block-column is-layout-flow wp-block-column-is-layout-flow\">\n<iframe src=\"https:\/\/www.google.com\/maps\/embed?pb=!1m18!1m12!1m3!1d1806.7190710981035!2d27.655951316253013!3d63.0744454123058!2m3!1f0!2f0!3f0!3m2!1i1024!2i768!4f13.1!3m3!1m2!1s0x4684a155a4a1691d%3A0xff59fd0e1c9d2966!2sSiilin%20Kuva!5e0!3m2!1sfi!2sfi!4v1678613795808!5m2!1sfi!2sfi\" style=\"border:0;\" allowfullscreen=\"\" loading=\"lazy\" referrerpolicy=\"no-referrer-when-downgrade\" width=\"500\" height=\"600\"><\/iframe>\n<\/div>\n\n\n\n<div class=\"wp-block-column is-vertically-aligned-center is-layout-flow wp-block-column-is-layout-flow\">\n<div class=\"wpcf7 no-js\" id=\"wpcf7-f267-o1\" lang=\"fi\" dir=\"ltr\" data-wpcf7-id=\"267\">\n<div class=\"screen-reader-response\"><p role=\"status\" aria-live=\"polite\" aria-atomic=\"true\"><\/p> <ul><\/ul><\/div>\n<form action=\"\/index.php\/wp-json\/wp\/v2\/pages\/110#wpcf7-f267-o1\" method=\"post\" class=\"wpcf7-form init\" aria-label=\"Yhteydenottolomake\" novalidate=\"novalidate\" data-status=\"init\">\n<fieldset class=\"hidden-fields-container\"><input type=\"hidden\" name=\"_wpcf7\" value=\"267\" \/><input type=\"hidden\" name=\"_wpcf7_version\" value=\"6.1.5\" \/><input type=\"hidden\" name=\"_wpcf7_locale\" value=\"fi\" \/><input type=\"hidden\" name=\"_wpcf7_unit_tag\" value=\"wpcf7-f267-o1\" \/><input type=\"hidden\" name=\"_wpcf7_container_post\" value=\"0\" \/><input type=\"hidden\" name=\"_wpcf7_posted_data_hash\" value=\"\" \/>\n<\/fieldset>\n<p><label> Nimi<br \/>\n<span class=\"wpcf7-form-control-wrap\" data-name=\"your-name\"><input size=\"40\" maxlength=\"400\" class=\"wpcf7-form-control wpcf7-text wpcf7-validates-as-required\" autocomplete=\"name\" aria-required=\"true\" aria-invalid=\"false\" value=\"\" type=\"text\" name=\"your-name\" \/><\/span> <\/label>\n<\/p>\n<p><label> Puhelinnumero<br \/>\n<span class=\"wpcf7-form-control-wrap\" data-name=\"your-phonenumber\"><input size=\"40\" maxlength=\"400\" class=\"wpcf7-form-control wpcf7-tel wpcf7-validates-as-required wpcf7-text wpcf7-validates-as-tel\" autocomplete=\"phonenumber\" aria-required=\"true\" aria-invalid=\"false\" value=\"\" type=\"tel\" name=\"your-phonenumber\" \/><\/span> <\/label>\n<\/p>\n<p><label> S\u00e4hk\u00f6postiosoite<br \/>\n<span class=\"wpcf7-form-control-wrap\" data-name=\"your-email\"><input size=\"40\" maxlength=\"400\" class=\"wpcf7-form-control wpcf7-email wpcf7-validates-as-required wpcf7-text wpcf7-validates-as-email\" autocomplete=\"phonenumber\" aria-required=\"true\" aria-invalid=\"false\" value=\"\" type=\"email\" name=\"your-email\" \/><\/span> <\/label>\n<\/p>\n<p><label> Viesti<br \/>\n<span class=\"wpcf7-form-control-wrap\" data-name=\"your-message\"><textarea cols=\"40\" rows=\"10\" maxlength=\"2000\" class=\"wpcf7-form-control wpcf7-textarea\" aria-invalid=\"false\" name=\"your-message\"><\/textarea><\/span> <\/label>\n<\/p>\n<p><input class=\"wpcf7-form-control wpcf7-submit has-spinner\" type=\"submit\" value=\"L\u00e4het\u00e4\" \/>\n<\/p><div class=\"wpcf7-response-output\" aria-hidden=\"true\"><\/div>\n<\/form>\n<\/div>\n\n<\/div>\n<\/div>\n\n\n\n<div style=\"height:45px\" aria-hidden=\"true\" class=\"wp-block-spacer\"><\/div>\n\n\n\n<hr class=\"wp-block-separator has-text-color has-shark-color has-alpha-channel-opacity has-shark-background-color has-background is-style-wide\"\/>\n\n\n\n<div style=\"height:40px\" aria-hidden=\"true\" class=\"wp-block-spacer\"><\/div>\n\n\n\n<div class=\"wp-block-group\"><div class=\"wp-block-group__inner-container is-layout-constrained wp-block-group-is-layout-constrained\">\n<div class=\"wp-block-columns is-layout-flex wp-container-core-columns-is-layout-9d6595d7 wp-block-columns-is-layout-flex\">\n<div class=\"wp-block-column is-layout-flow wp-block-column-is-layout-flow\"><div class=\"wp-block-image fujikuvat\">\n<figure class=\"aligncenter size-large\" id=\"fujikuvat\"><img loading=\"lazy\" decoding=\"async\" width=\"727\" height=\"1024\" src=\"https:\/\/uudet.siilinkuva.fi\/wp-content\/uploads\/2023\/03\/1817_Siilin_kuva_POSTER-copy-13-727x1024.jpg\" alt=\"\" class=\"wp-image-3440\" srcset=\"https:\/\/www.siilinkuva.fi\/wp-content\/uploads\/2023\/03\/1817_Siilin_kuva_POSTER-copy-13-727x1024.jpg 727w, https:\/\/www.siilinkuva.fi\/wp-content\/uploads\/2023\/03\/1817_Siilin_kuva_POSTER-copy-13-213x300.jpg 213w, https:\/\/www.siilinkuva.fi\/wp-content\/uploads\/2023\/03\/1817_Siilin_kuva_POSTER-copy-13-768x1081.jpg 768w, https:\/\/www.siilinkuva.fi\/wp-content\/uploads\/2023\/03\/1817_Siilin_kuva_POSTER-copy-13-1091x1536.jpg 1091w, https:\/\/www.siilinkuva.fi\/wp-content\/uploads\/2023\/03\/1817_Siilin_kuva_POSTER-copy-13-1455x2048.jpg 1455w, https:\/\/www.siilinkuva.fi\/wp-content\/uploads\/2023\/03\/1817_Siilin_kuva_POSTER-copy-13-scaled.jpg 1818w\" sizes=\"auto, (max-width: 727px) 100vw, 727px\" \/><\/figure>\n<\/div><\/div>\n\n\n\n<div class=\"wp-block-column is-vertically-aligned-center is-layout-flow wp-block-column-is-layout-flow\">\n<div class=\"wp-block-group\"><div class=\"wp-block-group__inner-container is-layout-constrained wp-block-group-is-layout-constrained\">\n<div class=\"wp-block-group qrkoodi\" style=\"padding-top:0;padding-right:0;padding-bottom:0;padding-left:0\"><div class=\"wp-block-group__inner-container is-layout-constrained wp-container-core-group-is-layout-82686151 wp-block-group-is-layout-constrained\"><div class=\"wp-block-image qrkoodi\">\n<figure class=\"aligncenter size-full is-resized\"><img loading=\"lazy\" decoding=\"async\" src=\"https:\/\/uudet.siilinkuva.fi\/wp-content\/uploads\/2023\/03\/sininen_QR-koodi.png\" alt=\"\" class=\"wp-image-1803\" width=\"178\" height=\"178\" srcset=\"https:\/\/www.siilinkuva.fi\/wp-content\/uploads\/2023\/03\/sininen_QR-koodi.png 350w, https:\/\/www.siilinkuva.fi\/wp-content\/uploads\/2023\/03\/sininen_QR-koodi-300x300.png 300w, https:\/\/www.siilinkuva.fi\/wp-content\/uploads\/2023\/03\/sininen_QR-koodi-150x150.png 150w\" sizes=\"auto, (max-width: 178px) 100vw, 178px\" \/><\/figure>\n<\/div>\n\n\n<h3 class=\"has-text-align-center wp-block-heading\">Skannaamalla Siilin Kuvan QR-koodin, teet kuvatilauksen helposti vaikka kotisohvalta k\u00e4sin. Saat ilmoituksen, kun kuvat ovat valmiita noudettavaksi liikkeest\u00e4mme!<\/h3>\n<\/div><\/div>\n<\/div><\/div>\n<\/div>\n<\/div>\n<\/div><\/div>\n","protected":false},"excerpt":{"rendered":"<p>YHTEYSTIEDOT Skannaamalla Siilin Kuvan QR-koodin, teet kuvatilauksen helposti vaikka kotisohvalta k\u00e4sin. Saat ilmoituksen, kun kuvat [&hellip;]<\/p>\n","protected":false},"author":1,"featured_media":0,"parent":0,"menu_order":0,"comment_status":"closed","ping_status":"closed","template":"","meta":{"footnotes":""},"class_list":["post-110","page","type-page","status-publish","hentry"],"yoast_head":"<!-- This site is optimized with the Yoast SEO plugin v27.5 - https:\/\/yoast.com\/product\/yoast-seo-wordpress\/ -->\n<title>Yhteystiedot<\/title>\n<meta name=\"description\" content=\"Yhteystiedot kohdasta l\u00f6yd\u00e4t Google Mapsin ja yhteydenottolomakkeen. Lis\u00e4ksi voit tilata kuvia sovelluksen avulla.\" \/>\n<meta name=\"robots\" content=\"index, follow, max-snippet:-1, max-image-preview:large, max-video-preview:-1\" \/>\n<link rel=\"canonical\" href=\"https:\/\/www.siilinkuva.fi\/index.php\/yhteys\/\" \/>\n<meta property=\"og:locale\" content=\"fi_FI\" \/>\n<meta property=\"og:type\" content=\"article\" \/>\n<meta property=\"og:title\" content=\"Yhteystiedot\" \/>\n<meta property=\"og:description\" content=\"Yhteystiedot kohdasta l\u00f6yd\u00e4t Google Mapsin ja yhteydenottolomakkeen. Lis\u00e4ksi voit tilata kuvia sovelluksen avulla.\" \/>\n<meta property=\"og:url\" content=\"https:\/\/www.siilinkuva.fi\/index.php\/yhteys\/\" \/>\n<meta property=\"article:publisher\" content=\"https:\/\/www.facebook.com\/Siilinkuva\/?locale=fi_FI\" \/>\n<meta property=\"article:modified_time\" content=\"2023-03-22T05:19:09+00:00\" \/>\n<meta property=\"og:image\" content=\"https:\/\/uudet.siilinkuva.fi\/wp-content\/uploads\/2023\/03\/1817_Siilin_kuva_POSTER-copy-13-727x1024.jpg\" \/>\n<meta name=\"twitter:card\" content=\"summary_large_image\" \/>\n<meta name=\"twitter:label1\" content=\"Arvioitu lukuaika\" \/>\n\t<meta name=\"twitter:data1\" content=\"1 minuutti\" \/>\n<script type=\"application\/ld+json\" class=\"yoast-schema-graph\">{\"@context\":\"https:\\\/\\\/schema.org\",\"@graph\":[{\"@type\":\"WebPage\",\"@id\":\"https:\\\/\\\/www.siilinkuva.fi\\\/index.php\\\/yhteys\\\/\",\"url\":\"https:\\\/\\\/www.siilinkuva.fi\\\/index.php\\\/yhteys\\\/\",\"name\":\"Yhteystiedot\",\"isPartOf\":{\"@id\":\"https:\\\/\\\/www.siilinkuva.fi\\\/#website\"},\"primaryImageOfPage\":{\"@id\":\"https:\\\/\\\/www.siilinkuva.fi\\\/index.php\\\/yhteys\\\/#primaryimage\"},\"image\":{\"@id\":\"https:\\\/\\\/www.siilinkuva.fi\\\/index.php\\\/yhteys\\\/#primaryimage\"},\"thumbnailUrl\":\"https:\\\/\\\/uudet.siilinkuva.fi\\\/wp-content\\\/uploads\\\/2023\\\/03\\\/1817_Siilin_kuva_POSTER-copy-13-727x1024.jpg\",\"datePublished\":\"2023-02-28T14:26:57+00:00\",\"dateModified\":\"2023-03-22T05:19:09+00:00\",\"description\":\"Yhteystiedot kohdasta l\u00f6yd\u00e4t Google Mapsin ja yhteydenottolomakkeen. Lis\u00e4ksi voit tilata kuvia sovelluksen avulla.\",\"breadcrumb\":{\"@id\":\"https:\\\/\\\/www.siilinkuva.fi\\\/index.php\\\/yhteys\\\/#breadcrumb\"},\"inLanguage\":\"fi\",\"potentialAction\":[{\"@type\":\"ReadAction\",\"target\":[\"https:\\\/\\\/www.siilinkuva.fi\\\/index.php\\\/yhteys\\\/\"]}]},{\"@type\":\"ImageObject\",\"inLanguage\":\"fi\",\"@id\":\"https:\\\/\\\/www.siilinkuva.fi\\\/index.php\\\/yhteys\\\/#primaryimage\",\"url\":\"https:\\\/\\\/uudet.siilinkuva.fi\\\/wp-content\\\/uploads\\\/2023\\\/03\\\/1817_Siilin_kuva_POSTER-copy-13-727x1024.jpg\",\"contentUrl\":\"https:\\\/\\\/uudet.siilinkuva.fi\\\/wp-content\\\/uploads\\\/2023\\\/03\\\/1817_Siilin_kuva_POSTER-copy-13-727x1024.jpg\"},{\"@type\":\"BreadcrumbList\",\"@id\":\"https:\\\/\\\/www.siilinkuva.fi\\\/index.php\\\/yhteys\\\/#breadcrumb\",\"itemListElement\":[{\"@type\":\"ListItem\",\"position\":1,\"name\":\"Etusivu\",\"item\":\"https:\\\/\\\/www.siilinkuva.fi\\\/\"},{\"@type\":\"ListItem\",\"position\":2,\"name\":\"Yhteystiedot\"}]},{\"@type\":\"WebSite\",\"@id\":\"https:\\\/\\\/www.siilinkuva.fi\\\/#website\",\"url\":\"https:\\\/\\\/www.siilinkuva.fi\\\/\",\"name\":\"Siilin kuva\",\"description\":\"\",\"publisher\":{\"@id\":\"https:\\\/\\\/www.siilinkuva.fi\\\/#organization\"},\"potentialAction\":[{\"@type\":\"SearchAction\",\"target\":{\"@type\":\"EntryPoint\",\"urlTemplate\":\"https:\\\/\\\/www.siilinkuva.fi\\\/?s={search_term_string}\"},\"query-input\":{\"@type\":\"PropertyValueSpecification\",\"valueRequired\":true,\"valueName\":\"search_term_string\"}}],\"inLanguage\":\"fi\"},{\"@type\":\"Organization\",\"@id\":\"https:\\\/\\\/www.siilinkuva.fi\\\/#organization\",\"name\":\"Siilin Kuva\",\"url\":\"https:\\\/\\\/www.siilinkuva.fi\\\/\",\"logo\":{\"@type\":\"ImageObject\",\"inLanguage\":\"fi\",\"@id\":\"https:\\\/\\\/www.siilinkuva.fi\\\/#\\\/schema\\\/logo\\\/image\\\/\",\"url\":\"https:\\\/\\\/uudet.siilinkuva.fi\\\/wp-content\\\/uploads\\\/2023\\\/03\\\/logo_teksti_kaarevaviiva_musta_LA\u0308PINA\u0308KYVA\u0308.png\",\"contentUrl\":\"https:\\\/\\\/uudet.siilinkuva.fi\\\/wp-content\\\/uploads\\\/2023\\\/03\\\/logo_teksti_kaarevaviiva_musta_LA\u0308PINA\u0308KYVA\u0308.png\",\"width\":413,\"height\":451,\"caption\":\"Siilin Kuva\"},\"image\":{\"@id\":\"https:\\\/\\\/www.siilinkuva.fi\\\/#\\\/schema\\\/logo\\\/image\\\/\"},\"sameAs\":[\"https:\\\/\\\/www.facebook.com\\\/Siilinkuva\\\/?locale=fi_FI\",\"https:\\\/\\\/www.instagram.com\\\/siilinkuva\\\/\"]}]}<\/script>\n<!-- \/ Yoast SEO plugin. -->","yoast_head_json":{"title":"Yhteystiedot","description":"Yhteystiedot kohdasta l\u00f6yd\u00e4t Google Mapsin ja yhteydenottolomakkeen. Lis\u00e4ksi voit tilata kuvia sovelluksen avulla.","robots":{"index":"index","follow":"follow","max-snippet":"max-snippet:-1","max-image-preview":"max-image-preview:large","max-video-preview":"max-video-preview:-1"},"canonical":"https:\/\/www.siilinkuva.fi\/index.php\/yhteys\/","og_locale":"fi_FI","og_type":"article","og_title":"Yhteystiedot","og_description":"Yhteystiedot kohdasta l\u00f6yd\u00e4t Google Mapsin ja yhteydenottolomakkeen. Lis\u00e4ksi voit tilata kuvia sovelluksen avulla.","og_url":"https:\/\/www.siilinkuva.fi\/index.php\/yhteys\/","article_publisher":"https:\/\/www.facebook.com\/Siilinkuva\/?locale=fi_FI","article_modified_time":"2023-03-22T05:19:09+00:00","og_image":[{"url":"https:\/\/uudet.siilinkuva.fi\/wp-content\/uploads\/2023\/03\/1817_Siilin_kuva_POSTER-copy-13-727x1024.jpg","type":"","width":"","height":""}],"twitter_card":"summary_large_image","twitter_misc":{"Arvioitu lukuaika":"1 minuutti"},"schema":{"@context":"https:\/\/schema.org","@graph":[{"@type":"WebPage","@id":"https:\/\/www.siilinkuva.fi\/index.php\/yhteys\/","url":"https:\/\/www.siilinkuva.fi\/index.php\/yhteys\/","name":"Yhteystiedot","isPartOf":{"@id":"https:\/\/www.siilinkuva.fi\/#website"},"primaryImageOfPage":{"@id":"https:\/\/www.siilinkuva.fi\/index.php\/yhteys\/#primaryimage"},"image":{"@id":"https:\/\/www.siilinkuva.fi\/index.php\/yhteys\/#primaryimage"},"thumbnailUrl":"https:\/\/uudet.siilinkuva.fi\/wp-content\/uploads\/2023\/03\/1817_Siilin_kuva_POSTER-copy-13-727x1024.jpg","datePublished":"2023-02-28T14:26:57+00:00","dateModified":"2023-03-22T05:19:09+00:00","description":"Yhteystiedot kohdasta l\u00f6yd\u00e4t Google Mapsin ja yhteydenottolomakkeen. Lis\u00e4ksi voit tilata kuvia sovelluksen avulla.","breadcrumb":{"@id":"https:\/\/www.siilinkuva.fi\/index.php\/yhteys\/#breadcrumb"},"inLanguage":"fi","potentialAction":[{"@type":"ReadAction","target":["https:\/\/www.siilinkuva.fi\/index.php\/yhteys\/"]}]},{"@type":"ImageObject","inLanguage":"fi","@id":"https:\/\/www.siilinkuva.fi\/index.php\/yhteys\/#primaryimage","url":"https:\/\/uudet.siilinkuva.fi\/wp-content\/uploads\/2023\/03\/1817_Siilin_kuva_POSTER-copy-13-727x1024.jpg","contentUrl":"https:\/\/uudet.siilinkuva.fi\/wp-content\/uploads\/2023\/03\/1817_Siilin_kuva_POSTER-copy-13-727x1024.jpg"},{"@type":"BreadcrumbList","@id":"https:\/\/www.siilinkuva.fi\/index.php\/yhteys\/#breadcrumb","itemListElement":[{"@type":"ListItem","position":1,"name":"Etusivu","item":"https:\/\/www.siilinkuva.fi\/"},{"@type":"ListItem","position":2,"name":"Yhteystiedot"}]},{"@type":"WebSite","@id":"https:\/\/www.siilinkuva.fi\/#website","url":"https:\/\/www.siilinkuva.fi\/","name":"Siilin kuva","description":"","publisher":{"@id":"https:\/\/www.siilinkuva.fi\/#organization"},"potentialAction":[{"@type":"SearchAction","target":{"@type":"EntryPoint","urlTemplate":"https:\/\/www.siilinkuva.fi\/?s={search_term_string}"},"query-input":{"@type":"PropertyValueSpecification","valueRequired":true,"valueName":"search_term_string"}}],"inLanguage":"fi"},{"@type":"Organization","@id":"https:\/\/www.siilinkuva.fi\/#organization","name":"Siilin Kuva","url":"https:\/\/www.siilinkuva.fi\/","logo":{"@type":"ImageObject","inLanguage":"fi","@id":"https:\/\/www.siilinkuva.fi\/#\/schema\/logo\/image\/","url":"https:\/\/uudet.siilinkuva.fi\/wp-content\/uploads\/2023\/03\/logo_teksti_kaarevaviiva_musta_LA\u0308PINA\u0308KYVA\u0308.png","contentUrl":"https:\/\/uudet.siilinkuva.fi\/wp-content\/uploads\/2023\/03\/logo_teksti_kaarevaviiva_musta_LA\u0308PINA\u0308KYVA\u0308.png","width":413,"height":451,"caption":"Siilin Kuva"},"image":{"@id":"https:\/\/www.siilinkuva.fi\/#\/schema\/logo\/image\/"},"sameAs":["https:\/\/www.facebook.com\/Siilinkuva\/?locale=fi_FI","https:\/\/www.instagram.com\/siilinkuva\/"]}]}},"_links":{"self":[{"href":"https:\/\/www.siilinkuva.fi\/index.php\/wp-json\/wp\/v2\/pages\/110","targetHints":{"allow":["GET"]}}],"collection":[{"href":"https:\/\/www.siilinkuva.fi\/index.php\/wp-json\/wp\/v2\/pages"}],"about":[{"href":"https:\/\/www.siilinkuva.fi\/index.php\/wp-json\/wp\/v2\/types\/page"}],"author":[{"embeddable":true,"href":"https:\/\/www.siilinkuva.fi\/index.php\/wp-json\/wp\/v2\/users\/1"}],"replies":[{"embeddable":true,"href":"https:\/\/www.siilinkuva.fi\/index.php\/wp-json\/wp\/v2\/comments?post=110"}],"version-history":[{"count":75,"href":"https:\/\/www.siilinkuva.fi\/index.php\/wp-json\/wp\/v2\/pages\/110\/revisions"}],"predecessor-version":[{"id":3444,"href":"https:\/\/www.siilinkuva.fi\/index.php\/wp-json\/wp\/v2\/pages\/110\/revisions\/3444"}],"wp:attachment":[{"href":"https:\/\/www.siilinkuva.fi\/index.php\/wp-json\/wp\/v2\/media?parent=110"}],"curies":[{"name":"wp","href":"https:\/\/api.w.org\/{rel}","templated":true}]}}