{"id":130,"date":"2023-03-01T07:05:02","date_gmt":"2023-03-01T07:05:02","guid":{"rendered":"https:\/\/uudet.siilinkuva.fi\/?page_id=130"},"modified":"2026-03-24T10:52:00","modified_gmt":"2026-03-24T08:52:00","slug":"siilin-kuva","status":"publish","type":"page","link":"https:\/\/www.siilinkuva.fi\/","title":{"rendered":"Etusivu"},"content":{"rendered":"\n<div class=\"wp-block-group alkuteksti\"><div class=\"wp-block-group__inner-container is-layout-constrained wp-block-group-is-layout-constrained\">\n<h1 class=\"wp-block-heading has-text-align-center\">S\u00e4hk\u00f6iset ja\/tai paperiset passikuvat <strong>ilman ajanvarausta <\/strong><\/h1>\n<\/div><\/div>\n\n\n\n<div style=\"height:50px\" aria-hidden=\"true\" class=\"wp-block-spacer\"><\/div>\n\n\n\n<div class=\"wp-block-cover is-light infolaatikko\" style=\"min-height:550px;aspect-ratio:unset;\"><img loading=\"lazy\" decoding=\"async\" width=\"1000\" height=\"550\" class=\"wp-block-cover__image-background wp-image-3303\" alt=\"\" src=\"https:\/\/uudet.siilinkuva.fi\/wp-content\/uploads\/2023\/03\/infokuva.jpg\" data-object-fit=\"cover\" srcset=\"https:\/\/www.siilinkuva.fi\/wp-content\/uploads\/2023\/03\/infokuva.jpg 1000w, https:\/\/www.siilinkuva.fi\/wp-content\/uploads\/2023\/03\/infokuva-300x165.jpg 300w, https:\/\/www.siilinkuva.fi\/wp-content\/uploads\/2023\/03\/infokuva-768x422.jpg 768w\" sizes=\"auto, (max-width: 1000px) 100vw, 1000px\" \/><span aria-hidden=\"true\" class=\"wp-block-cover__background has-background-dim\" style=\"background-color:#213c4a\"><\/span><div class=\"wp-block-cover__inner-container is-layout-flow wp-block-cover-is-layout-flow\">\n<h2 class=\"wp-block-heading has-text-align-center infolaatikon_otsake has-white-color has-text-color\" style=\"font-size:30px\">AVOINNA<\/h2>\n\n\n\n<h2 class=\"wp-block-heading has-text-align-center has-white-color has-text-color has-link-color wp-elements-eaa817ec291c766bf707e682f484d0b0\"><\/h2>\n\n\n\n<div class=\"wp-block-group aukioloajat\"><div class=\"wp-block-group__inner-container is-layout-constrained wp-block-group-is-layout-constrained\">\n<p class=\"has-text-align-center has-white-color has-text-color\" style=\"font-style:normal;font-weight:500\"><strong>MA &#8211; PE<\/strong><\/p>\n\n\n\n<p class=\"has-text-align-center has-white-color has-text-color\" style=\"font-style:normal;font-weight:500\">9.30-16.30<\/p>\n<\/div><\/div>\n\n\n\n<div class=\"wp-block-group aukioloajat\"><div class=\"wp-block-group__inner-container is-layout-constrained wp-block-group-is-layout-constrained\">\n<p class=\"has-text-align-center has-white-color has-text-color\" style=\"font-style:normal;font-weight:500\"><strong>LA &#8211; SU<\/strong><\/p>\n\n\n\n<p class=\"has-text-align-center has-white-color has-text-color\" style=\"font-style:normal;font-weight:500\">Auki sopimuksen mukaan<\/p>\n<\/div><\/div>\n\n\n\n<hr class=\"wp-block-separator has-text-color has-white-color has-alpha-channel-opacity has-white-background-color has-background aukioloajat\"\/>\n\n\n\n<div class=\"wp-block-group aukioloajat\"><div class=\"wp-block-group__inner-container is-layout-constrained wp-block-group-is-layout-constrained\">\n<p class=\"has-text-align-center has-white-color has-text-color\" style=\"font-style:normal;font-weight:500\">045 857 3999<\/p>\n\n\n\n<p class=\"has-text-align-center has-white-color has-text-color\" style=\"font-style:normal;font-weight:500\">siilinkuva@siilinkuva.fi<\/p>\n<\/div><\/div>\n<\/div><\/div>\n\n\n\n<div style=\"height:50px\" aria-hidden=\"true\" class=\"wp-block-spacer\"><\/div>\n\n\n\n<hr class=\"wp-block-separator has-text-color has-alpha-channel-opacity has-background is-style-wide\" style=\"background-color:#6b888f;color:#6b888f\"\/>\n\n\n\n<div style=\"height:50px\" aria-hidden=\"true\" class=\"wp-block-spacer\"><\/div>\n\n\n\n<div class=\"wp-block-group\"><div class=\"wp-block-group__inner-container is-layout-constrained wp-block-group-is-layout-constrained\">\n<div class=\"wp-block-columns is-layout-flex wp-container-core-columns-is-layout-9d6595d7 wp-block-columns-is-layout-flex\">\n<div class=\"wp-block-column is-vertically-aligned-center is-layout-flow wp-block-column-is-layout-flow\">\n<figure class=\"wp-block-image size-full etusivukuva is-style-default\"><img loading=\"lazy\" decoding=\"async\" width=\"600\" height=\"800\" src=\"https:\/\/uudet.siilinkuva.fi\/wp-content\/uploads\/2023\/03\/nettiin-3.jpg\" alt=\"Siilin Kuva\nYritt\u00e4j\u00e4 Petteri V\u00e4is\u00e4nen\nSiilinj\u00e4rvi\" class=\"wp-image-2680\" srcset=\"https:\/\/www.siilinkuva.fi\/wp-content\/uploads\/2023\/03\/nettiin-3.jpg 600w, https:\/\/www.siilinkuva.fi\/wp-content\/uploads\/2023\/03\/nettiin-3-225x300.jpg 225w\" sizes=\"auto, (max-width: 600px) 100vw, 600px\" \/><\/figure>\n<\/div>\n\n\n\n<div class=\"wp-block-column is-vertically-aligned-center etusivuleipis is-layout-flow wp-block-column-is-layout-flow\">\n<p class=\"has-text-align-left etusivuleipis\">&#8221;<em>Moikka, olen Petteri V\u00e4is\u00e4nen, Siilin kuvan omistaja. Olin Petrill\u00e4 t\u00f6iss\u00e4 l\u00e4hes 10 vuotta, jonka j\u00e4lkeen ostin Siilin Kuvan liikkeen itselleni ja ryhdyin yritt\u00e4j\u00e4ksi.\u201d<\/em><\/p>\n\n\n\n<p>Palveluihimme kuuluu laadukkaat passikuvat s\u00e4hk\u00f6isen\u00e4 tai paperisena, <strong>ilman ajanvarausta.<\/strong><\/p>\n\n\n\n<p class=\"has-text-align-left\">Kuvauspalveluihin kuuluvat studiokuvaukset (esim. lapsi-, rippi-, valmistujais- ja h\u00e4\u00e4kuvaukset) tapahtumakuvaukset (h\u00e4\u00e4t, hautajaiset jne.) sek\u00e4 milj\u00f6\u00f6kuvaukset.<\/p>\n\n\n\n<p class=\"has-text-align-left\">Meilt\u00e4 l\u00f6yd\u00e4t my\u00f6s kehystys- ja filmien kehityspalvelut, jotka toimivat yhteisty\u00f6ss\u00e4 KuvaMaija:n kanssa. Lis\u00e4ksi myynniss\u00e4 monia erilaisia kehyksi\u00e4 ja albumeja. My\u00f6s vanhojen kuvien skannaus, digitointi ja tulostus onnistuvat kauttamme. <\/p>\n\n\n\n<p>Meilt\u00e4 voit tilata kuvat my\u00f6s suoraan puhelimesta Fujikuvat -sovelluksella, jolloin tulostamme kuvat valmiiksi ja voit noutaa ne mahdollisesti jo samana p\u00e4iv\u00e4n\u00e4.<\/p>\n\n\n\n<p class=\"has-emperor-color has-text-color\"><a href=\"https:\/\/uudet.siilinkuva.fi\/index.php\/yhteys\/#fujikuvat\"><strong>T\u00e4st\u00e4 linkist\u00e4 <\/strong><\/a>p\u00e4\u00e4set lukemaan tarkemmat ohjeet sovelluksen k\u00e4ytt\u00f6\u00f6n!<\/p>\n\n\n\n<p class=\"has-emperor-color has-text-color\">Tervetuloa! <\/p>\n\n\n<div class=\"wp-block-image .nimmari\">\n<figure class=\"aligncenter size-full is-resized\"><img loading=\"lazy\" decoding=\"async\" width=\"500\" height=\"250\" src=\"https:\/\/uudet.siilinkuva.fi\/wp-content\/uploads\/2023\/03\/nimmari-2.png\" alt=\"\" class=\"wp-image-3070\" style=\"width:141px;height:71px\" srcset=\"https:\/\/www.siilinkuva.fi\/wp-content\/uploads\/2023\/03\/nimmari-2.png 500w, https:\/\/www.siilinkuva.fi\/wp-content\/uploads\/2023\/03\/nimmari-2-300x150.png 300w\" sizes=\"auto, (max-width: 500px) 100vw, 500px\" \/><\/figure>\n<\/div><\/div>\n<\/div>\n<\/div><\/div>\n\n\n\n<h2 class=\"wp-block-heading\"><\/h2>\n\n\n\n<div class=\"wp-block-media-text is-stacked-on-mobile\"><figure class=\"wp-block-media-text__media\"><\/figure><div class=\"wp-block-media-text__content\">\n<p><\/p>\n<\/div><\/div>\n","protected":false},"excerpt":{"rendered":"<p>S\u00e4hk\u00f6iset ja\/tai paperiset passikuvat ilman ajanvarausta &#8221;Moikka, olen Petteri V\u00e4is\u00e4nen, Siilin kuvan omistaja. Olin Petrill\u00e4 [&hellip;]<\/p>\n","protected":false},"author":1,"featured_media":0,"parent":0,"menu_order":0,"comment_status":"closed","ping_status":"closed","template":"","meta":{"footnotes":""},"class_list":["post-130","page","type-page","status-publish","hentry"],"yoast_head":"<!-- This site is optimized with the Yoast SEO plugin v27.3 - https:\/\/yoast.com\/product\/yoast-seo-wordpress\/ -->\n<title>Siilin kuva<\/title>\n<meta name=\"description\" content=\"Siilin Kuva on Siilinj\u00e4rvell\u00e4 sijaitseva valokuvaamo, joka tarjoaa niin valokuvauspalveluita kuin kuvien valmistusta.\" \/>\n<meta name=\"robots\" content=\"index, follow, max-snippet:-1, max-image-preview:large, max-video-preview:-1\" \/>\n<link rel=\"canonical\" href=\"https:\/\/www.siilinkuva.fi\/\" \/>\n<meta property=\"og:locale\" content=\"fi_FI\" \/>\n<meta property=\"og:type\" content=\"article\" \/>\n<meta property=\"og:title\" content=\"Siilin kuva\" \/>\n<meta property=\"og:description\" content=\"Siilin Kuva on Siilinj\u00e4rvell\u00e4 sijaitseva valokuvaamo, joka tarjoaa niin valokuvauspalveluita kuin kuvien valmistusta.\" \/>\n<meta property=\"og:url\" content=\"https:\/\/www.siilinkuva.fi\/\" \/>\n<meta property=\"article:publisher\" content=\"https:\/\/www.facebook.com\/Siilinkuva\/?locale=fi_FI\" \/>\n<meta property=\"article:modified_time\" content=\"2026-03-24T08:52:00+00:00\" \/>\n<meta property=\"og:image\" content=\"https:\/\/www.siilinkuva.fi\/wp-content\/uploads\/2023\/03\/infokuva.jpg\" \/>\n\t<meta property=\"og:image:width\" content=\"1000\" \/>\n\t<meta property=\"og:image:height\" content=\"550\" \/>\n\t<meta property=\"og:image:type\" content=\"image\/jpeg\" \/>\n<meta name=\"twitter:card\" content=\"summary_large_image\" \/>\n<script type=\"application\/ld+json\" class=\"yoast-schema-graph\">{\"@context\":\"https:\\\/\\\/schema.org\",\"@graph\":[{\"@type\":\"WebPage\",\"@id\":\"https:\\\/\\\/www.siilinkuva.fi\\\/\",\"url\":\"https:\\\/\\\/www.siilinkuva.fi\\\/\",\"name\":\"Siilin kuva\",\"isPartOf\":{\"@id\":\"https:\\\/\\\/www.siilinkuva.fi\\\/#website\"},\"primaryImageOfPage\":{\"@id\":\"https:\\\/\\\/www.siilinkuva.fi\\\/#primaryimage\"},\"image\":{\"@id\":\"https:\\\/\\\/www.siilinkuva.fi\\\/#primaryimage\"},\"thumbnailUrl\":\"https:\\\/\\\/uudet.siilinkuva.fi\\\/wp-content\\\/uploads\\\/2023\\\/03\\\/infokuva.jpg\",\"datePublished\":\"2023-03-01T07:05:02+00:00\",\"dateModified\":\"2026-03-24T08:52:00+00:00\",\"description\":\"Siilin Kuva on Siilinj\u00e4rvell\u00e4 sijaitseva valokuvaamo, joka tarjoaa niin valokuvauspalveluita kuin kuvien valmistusta.\",\"breadcrumb\":{\"@id\":\"https:\\\/\\\/www.siilinkuva.fi\\\/#breadcrumb\"},\"inLanguage\":\"fi\",\"potentialAction\":[{\"@type\":\"ReadAction\",\"target\":[\"https:\\\/\\\/www.siilinkuva.fi\\\/\"]}]},{\"@type\":\"ImageObject\",\"inLanguage\":\"fi\",\"@id\":\"https:\\\/\\\/www.siilinkuva.fi\\\/#primaryimage\",\"url\":\"https:\\\/\\\/uudet.siilinkuva.fi\\\/wp-content\\\/uploads\\\/2023\\\/03\\\/infokuva.jpg\",\"contentUrl\":\"https:\\\/\\\/uudet.siilinkuva.fi\\\/wp-content\\\/uploads\\\/2023\\\/03\\\/infokuva.jpg\"},{\"@type\":\"BreadcrumbList\",\"@id\":\"https:\\\/\\\/www.siilinkuva.fi\\\/#breadcrumb\",\"itemListElement\":[{\"@type\":\"ListItem\",\"position\":1,\"name\":\"Etusivu\",\"item\":\"https:\\\/\\\/www.siilinkuva.fi\\\/\"},{\"@type\":\"ListItem\",\"position\":2,\"name\":\"Etusivu\"}]},{\"@type\":\"WebSite\",\"@id\":\"https:\\\/\\\/www.siilinkuva.fi\\\/#website\",\"url\":\"https:\\\/\\\/www.siilinkuva.fi\\\/\",\"name\":\"Siilin kuva\",\"description\":\"\",\"publisher\":{\"@id\":\"https:\\\/\\\/www.siilinkuva.fi\\\/#organization\"},\"potentialAction\":[{\"@type\":\"SearchAction\",\"target\":{\"@type\":\"EntryPoint\",\"urlTemplate\":\"https:\\\/\\\/www.siilinkuva.fi\\\/?s={search_term_string}\"},\"query-input\":{\"@type\":\"PropertyValueSpecification\",\"valueRequired\":true,\"valueName\":\"search_term_string\"}}],\"inLanguage\":\"fi\"},{\"@type\":\"Organization\",\"@id\":\"https:\\\/\\\/www.siilinkuva.fi\\\/#organization\",\"name\":\"Siilin Kuva\",\"url\":\"https:\\\/\\\/www.siilinkuva.fi\\\/\",\"logo\":{\"@type\":\"ImageObject\",\"inLanguage\":\"fi\",\"@id\":\"https:\\\/\\\/www.siilinkuva.fi\\\/#\\\/schema\\\/logo\\\/image\\\/\",\"url\":\"https:\\\/\\\/uudet.siilinkuva.fi\\\/wp-content\\\/uploads\\\/2023\\\/03\\\/logo_teksti_kaarevaviiva_musta_LA\u0308PINA\u0308KYVA\u0308.png\",\"contentUrl\":\"https:\\\/\\\/uudet.siilinkuva.fi\\\/wp-content\\\/uploads\\\/2023\\\/03\\\/logo_teksti_kaarevaviiva_musta_LA\u0308PINA\u0308KYVA\u0308.png\",\"width\":413,\"height\":451,\"caption\":\"Siilin Kuva\"},\"image\":{\"@id\":\"https:\\\/\\\/www.siilinkuva.fi\\\/#\\\/schema\\\/logo\\\/image\\\/\"},\"sameAs\":[\"https:\\\/\\\/www.facebook.com\\\/Siilinkuva\\\/?locale=fi_FI\",\"https:\\\/\\\/www.instagram.com\\\/siilinkuva\\\/\"]}]}<\/script>\n<!-- \/ Yoast SEO plugin. -->","yoast_head_json":{"title":"Siilin kuva","description":"Siilin Kuva on Siilinj\u00e4rvell\u00e4 sijaitseva valokuvaamo, joka tarjoaa niin valokuvauspalveluita kuin kuvien valmistusta.","robots":{"index":"index","follow":"follow","max-snippet":"max-snippet:-1","max-image-preview":"max-image-preview:large","max-video-preview":"max-video-preview:-1"},"canonical":"https:\/\/www.siilinkuva.fi\/","og_locale":"fi_FI","og_type":"article","og_title":"Siilin kuva","og_description":"Siilin Kuva on Siilinj\u00e4rvell\u00e4 sijaitseva valokuvaamo, joka tarjoaa niin valokuvauspalveluita kuin kuvien valmistusta.","og_url":"https:\/\/www.siilinkuva.fi\/","article_publisher":"https:\/\/www.facebook.com\/Siilinkuva\/?locale=fi_FI","article_modified_time":"2026-03-24T08:52:00+00:00","og_image":[{"width":1000,"height":550,"url":"https:\/\/www.siilinkuva.fi\/wp-content\/uploads\/2023\/03\/infokuva.jpg","type":"image\/jpeg"}],"twitter_card":"summary_large_image","schema":{"@context":"https:\/\/schema.org","@graph":[{"@type":"WebPage","@id":"https:\/\/www.siilinkuva.fi\/","url":"https:\/\/www.siilinkuva.fi\/","name":"Siilin kuva","isPartOf":{"@id":"https:\/\/www.siilinkuva.fi\/#website"},"primaryImageOfPage":{"@id":"https:\/\/www.siilinkuva.fi\/#primaryimage"},"image":{"@id":"https:\/\/www.siilinkuva.fi\/#primaryimage"},"thumbnailUrl":"https:\/\/uudet.siilinkuva.fi\/wp-content\/uploads\/2023\/03\/infokuva.jpg","datePublished":"2023-03-01T07:05:02+00:00","dateModified":"2026-03-24T08:52:00+00:00","description":"Siilin Kuva on Siilinj\u00e4rvell\u00e4 sijaitseva valokuvaamo, joka tarjoaa niin valokuvauspalveluita kuin kuvien valmistusta.","breadcrumb":{"@id":"https:\/\/www.siilinkuva.fi\/#breadcrumb"},"inLanguage":"fi","potentialAction":[{"@type":"ReadAction","target":["https:\/\/www.siilinkuva.fi\/"]}]},{"@type":"ImageObject","inLanguage":"fi","@id":"https:\/\/www.siilinkuva.fi\/#primaryimage","url":"https:\/\/uudet.siilinkuva.fi\/wp-content\/uploads\/2023\/03\/infokuva.jpg","contentUrl":"https:\/\/uudet.siilinkuva.fi\/wp-content\/uploads\/2023\/03\/infokuva.jpg"},{"@type":"BreadcrumbList","@id":"https:\/\/www.siilinkuva.fi\/#breadcrumb","itemListElement":[{"@type":"ListItem","position":1,"name":"Etusivu","item":"https:\/\/www.siilinkuva.fi\/"},{"@type":"ListItem","position":2,"name":"Etusivu"}]},{"@type":"WebSite","@id":"https:\/\/www.siilinkuva.fi\/#website","url":"https:\/\/www.siilinkuva.fi\/","name":"Siilin kuva","description":"","publisher":{"@id":"https:\/\/www.siilinkuva.fi\/#organization"},"potentialAction":[{"@type":"SearchAction","target":{"@type":"EntryPoint","urlTemplate":"https:\/\/www.siilinkuva.fi\/?s={search_term_string}"},"query-input":{"@type":"PropertyValueSpecification","valueRequired":true,"valueName":"search_term_string"}}],"inLanguage":"fi"},{"@type":"Organization","@id":"https:\/\/www.siilinkuva.fi\/#organization","name":"Siilin Kuva","url":"https:\/\/www.siilinkuva.fi\/","logo":{"@type":"ImageObject","inLanguage":"fi","@id":"https:\/\/www.siilinkuva.fi\/#\/schema\/logo\/image\/","url":"https:\/\/uudet.siilinkuva.fi\/wp-content\/uploads\/2023\/03\/logo_teksti_kaarevaviiva_musta_LA\u0308PINA\u0308KYVA\u0308.png","contentUrl":"https:\/\/uudet.siilinkuva.fi\/wp-content\/uploads\/2023\/03\/logo_teksti_kaarevaviiva_musta_LA\u0308PINA\u0308KYVA\u0308.png","width":413,"height":451,"caption":"Siilin Kuva"},"image":{"@id":"https:\/\/www.siilinkuva.fi\/#\/schema\/logo\/image\/"},"sameAs":["https:\/\/www.facebook.com\/Siilinkuva\/?locale=fi_FI","https:\/\/www.instagram.com\/siilinkuva\/"]}]}},"_links":{"self":[{"href":"https:\/\/www.siilinkuva.fi\/index.php\/wp-json\/wp\/v2\/pages\/130","targetHints":{"allow":["GET"]}}],"collection":[{"href":"https:\/\/www.siilinkuva.fi\/index.php\/wp-json\/wp\/v2\/pages"}],"about":[{"href":"https:\/\/www.siilinkuva.fi\/index.php\/wp-json\/wp\/v2\/types\/page"}],"author":[{"embeddable":true,"href":"https:\/\/www.siilinkuva.fi\/index.php\/wp-json\/wp\/v2\/users\/1"}],"replies":[{"embeddable":true,"href":"https:\/\/www.siilinkuva.fi\/index.php\/wp-json\/wp\/v2\/comments?post=130"}],"version-history":[{"count":309,"href":"https:\/\/www.siilinkuva.fi\/index.php\/wp-json\/wp\/v2\/pages\/130\/revisions"}],"predecessor-version":[{"id":3687,"href":"https:\/\/www.siilinkuva.fi\/index.php\/wp-json\/wp\/v2\/pages\/130\/revisions\/3687"}],"wp:attachment":[{"href":"https:\/\/www.siilinkuva.fi\/index.php\/wp-json\/wp\/v2\/media?parent=130"}],"curies":[{"name":"wp","href":"https:\/\/api.w.org\/{rel}","templated":true}]}}